{"id":744,"date":"2022-07-12T10:16:28","date_gmt":"2022-07-12T01:16:28","guid":{"rendered":"https:\/\/jp.arrk.com\/company\/en\/?page_id=744"},"modified":"2025-04-10T14:57:59","modified_gmt":"2025-04-10T05:57:59","slug":"europe","status":"publish","type":"page","link":"https:\/\/jp.arrk.com\/company\/en\/profile\/office\/europe\/","title":{"rendered":"Office"},"content":{"rendered":"<div id=\"pl-744\"  class=\"panel-layout\" ><div id=\"pg-744-0\"  class=\"panel-grid panel-no-style\" ><div id=\"pgc-744-0-0\"  class=\"panel-grid-cell\" ><div id=\"panel-744-0-0-0\" class=\"widget_text so-panel widget widget_custom_html panel-first-child panel-last-child\" data-index=\"0\" ><div class=\"widget_text panel-widget-style panel-widget-style-for-744-0-0-0\" ><div class=\"textwidget custom-html-widget\"><a href=\"https:\/\/jp.arrk.com\/company\/en\/profile\/office\/\" class=\"btn_type02\">Europe <i class=\"fa-solid fa-angle-down\"><\/i><\/a><\/div><\/div><\/div><\/div><div id=\"pgc-744-0-1\"  class=\"panel-grid-cell\" ><div id=\"panel-744-0-1-0\" class=\"widget_text so-panel widget widget_custom_html panel-first-child panel-last-child\" data-index=\"1\" ><div class=\"widget_text panel-widget-style panel-widget-style-for-744-0-1-0\" ><div class=\"textwidget custom-html-widget\"><a href=\"https:\/\/jp.arrk.com\/company\/en\/office\/northamerica\/\" class=\"btn_type02\">North America <i class=\"fa-solid fa-angle-down\"><\/i><\/a><\/div><\/div><\/div><\/div><div id=\"pgc-744-0-2\"  class=\"panel-grid-cell\" ><div id=\"panel-744-0-2-0\" class=\"widget_text so-panel widget widget_custom_html panel-first-child panel-last-child\" data-index=\"2\" ><div class=\"widget_text panel-widget-style panel-widget-style-for-744-0-2-0\" ><div class=\"textwidget custom-html-widget\"><a href=\"https:\/\/jp.arrk.com\/company\/en\/office\/asia\/\" class=\"btn_type02\">Asia <i class=\"fa-solid fa-angle-down\"><\/i><\/a><\/div><\/div><\/div><\/div><div id=\"pgc-744-0-3\"  class=\"panel-grid-cell panel-grid-cell-mobile-last\" ><div id=\"panel-744-0-3-0\" class=\"widget_text so-panel widget widget_custom_html panel-first-child panel-last-child\" data-index=\"3\" ><div class=\"widget_text panel-widget-style panel-widget-style-for-744-0-3-0\" ><div class=\"textwidget custom-html-widget\"><a href=\"https:\/\/jp.arrk.com\/company\/en\/profile\/japan\/\" class=\"btn_type02\">Japan <i class=\"fa-solid fa-angle-down\"><\/i><\/a><\/div><\/div><\/div><\/div><div id=\"pgc-744-0-4\"  class=\"panel-grid-cell panel-grid-cell-empty\" ><\/div><\/div><div id=\"pg-744-1\"  class=\"panel-grid panel-no-style\" ><div id=\"pgc-744-1-0\"  class=\"panel-grid-cell\" ><div id=\"panel-744-1-0-0\" class=\"so-panel widget widget_text panel-first-child panel-last-child\" data-index=\"4\" >\t\t\t<div class=\"textwidget\"><h2 id=\"02\">Europe<\/h2>\n<\/div>\n\t\t<\/div><\/div><\/div><div id=\"pg-744-2\"  class=\"panel-grid panel-no-style\" ><div id=\"pgc-744-2-0\"  class=\"panel-grid-cell\" ><div id=\"panel-744-2-0-0\" class=\"so-panel widget widget_media_image panel-first-child panel-last-child\" data-index=\"5\" ><img loading=\"lazy\" decoding=\"async\" width=\"500\" height=\"600\" src=\"https:\/\/jp.arrk.com\/company\/en\/wp\/wp-content\/uploads\/2022\/05\/office_europe01.jpg\" class=\"image wp-image-229  attachment-full size-full\" alt=\"\" style=\"max-width: 100%; height: auto;\" srcset=\"https:\/\/jp.arrk.com\/company\/en\/wp\/wp-content\/uploads\/2022\/05\/office_europe01.jpg 500w, https:\/\/jp.arrk.com\/company\/en\/wp\/wp-content\/uploads\/2022\/05\/office_europe01-250x300.jpg 250w\" sizes=\"auto, (max-width: 500px) 100vw, 500px\" \/><\/div><\/div><div id=\"pgc-744-2-1\"  class=\"panel-grid-cell\" ><div id=\"panel-744-2-1-0\" class=\"so-panel widget widget_text panel-first-child panel-last-child\" data-index=\"6\" >\t\t\t<div class=\"textwidget\"><h3>ARRK Europe Ltd.<\/h3>\n<h6>Gloucester Technical Center<span style=\"margin-left:1em;\"><a href=\"https:\/\/uk.arrk.com\" target=\"_blank\" class=\"officelink\">https:\/\/uk.arrk.com<\/a><\/span><\/h6>\n<p>Olympus Park, Quedgeley, Gloucester, Gloucestershire, GL2 4NF, U.K.<br \/>\n<a href=\"https:\/\/goo.gl\/maps\/MXDeVRVd6zJK7TG87\" rel=\"noopener\" target=\"_blank\" class=\"btn_type01\">Google Map<\/a><br \/>\nTEL\uff1a+44-1452-727700<\/p>\n<h6>Nuneaton Technical Center<span style=\"margin-left:1em;\"><a href=\"https:\/\/uk.arrk.com\" target=\"_blank\" class=\"officelink\">https:\/\/uk.arrk.com<\/a><\/span><\/h6>\n<p>Caldwell Road,Nuneaton, Warwickshire, CV11 4NG, U.K.<br \/>\n<a href=\"https:\/\/goo.gl\/maps\/TPqBsCWguqtm3UBL9\" rel=\"noopener\" target=\"_blank\" class=\"btn_type01\">Google Map<\/a><br \/>\nTEL\uff1a+44-2476-580700<\/p>\n<h6>Spanish Branch<span style=\"margin-left:1em;\"><a href=\"https:\/\/es.arrk.com\" target=\"_blank\" class=\"officelink\">https:\/\/es.arrk.com<\/a><\/span><\/h6>\n<p>C\/Murcia No. 58B, Pol.Ind. Can Calderon 08830 Sant Boi de Llobregat, Barcelona. Spain<br \/>\n<a href=\"https:\/\/goo.gl\/maps\/Da9iB8DudXU77kaZ6\" rel=\"noopener\" target=\"_blank\" class=\"btn_type01\">Google Map<\/a><br \/>\nTEL\uff1a+34-936-616001<\/p>\n<\/div>\n\t\t<\/div><\/div><\/div><div id=\"pg-744-3\"  class=\"panel-grid panel-no-style\" ><div id=\"pgc-744-3-0\"  class=\"panel-grid-cell\" ><div id=\"panel-744-3-0-0\" class=\"so-panel widget widget_media_image panel-first-child panel-last-child\" data-index=\"7\" ><img loading=\"lazy\" decoding=\"async\" width=\"500\" height=\"600\" src=\"https:\/\/jp.arrk.com\/company\/en\/wp\/wp-content\/uploads\/2022\/05\/office_europe02.jpg\" class=\"image wp-image-230  attachment-full size-full\" alt=\"\" style=\"max-width: 100%; height: auto;\" srcset=\"https:\/\/jp.arrk.com\/company\/en\/wp\/wp-content\/uploads\/2022\/05\/office_europe02.jpg 500w, https:\/\/jp.arrk.com\/company\/en\/wp\/wp-content\/uploads\/2022\/05\/office_europe02-250x300.jpg 250w\" sizes=\"auto, (max-width: 500px) 100vw, 500px\" \/><\/div><\/div><div id=\"pgc-744-3-1\"  class=\"panel-grid-cell\" ><div id=\"panel-744-3-1-0\" class=\"so-panel widget widget_text panel-first-child panel-last-child\" data-index=\"8\" >\t\t\t<div class=\"textwidget\"><h3>ARRK Engineering GmbH<span style=\"margin-left:1em;\"><a href=\"https:\/\/engineering.arrk.com\" target=\"_blank\" class=\"officelink\">https:\/\/engineering.arrk.com<\/a><\/span><\/h3>\n<h6>Munich<\/h6>\n<p>Frankfurter Ring 160, 80807 Munich, Germany<br \/>\n<a href=\"https:\/\/goo.gl\/maps\/5zCzyQFw8yBDiH7j6\" rel=\"noopener\" target=\"_blank\" class=\"btn_type01\">Google Map<\/a><br \/>\nTEL\uff1a+49-89-31857-0<\/p>\n<h6>Ingolstadt<\/h6>\n<p>Levelingstr. 1, 85049 Ingolstadt, Germany<br \/>\n<a href=\"https:\/\/goo.gl\/maps\/HiDyE3HfCxhdpWhH8\" rel=\"noopener\" target=\"_blank\" class=\"btn_type01\">Google Map<\/a><br \/>\nTEL\uff1a+49-841-88190-0<\/p>\n<h6>Stuttgart<\/h6>\n<p>Wankelstra\u00dfe 3 (STEP 5), 70563 Stuttgart, Germany<br \/>\n<a href=\"https:\/\/goo.gl\/maps\/ftU8qUN6DY9SqqBE6\" rel=\"noopener\" target=\"_blank\" class=\"btn_type01\">Google Map<\/a><br \/>\nTEL\uff1a+49-711-620412-0<\/p>\n<h6>Wolfsburg<\/h6>\n<p>Alessandro-Volta-Stra\u00dfe 22 38440 Wolfsburg, Germany<br \/>\n<a href=\"https:\/\/goo.gl\/maps\/2E2prQsdjFkQ22mz6\" rel=\"noopener\" target=\"_blank\" class=\"btn_type01\">Google Map<\/a><br \/>\nTEL\uff1a+49-5361-890812-100 <\/p>\n<h6>Heimsheim<\/h6>\n<p>Alemannenstr. 19, 71296 Heimsheim, Germany<br \/>\n<a href=\"https:\/\/goo.gl\/maps\/2sV77CRUgugpVqdR8\" rel=\"noopener\" target=\"_blank\" class=\"btn_type01\">Google Map<\/a><br \/>\nTEL\uff1a+49-7033-692630<\/p>\n<p><!--\n\n<h6>Laupheim<\/h6>\n\n\n\n\n<p>Ludwig-B\u00f6lkow-Str. 9, 88471 Laupheim, Germany\n<a href=\"https:\/\/goo.gl\/maps\/FB4yFfAfYnZywwZ79\" rel=\"noopener\" target=\"_blank\" class=\"btn_type01\">Google Map<\/a>\nTEL\uff1a+49-89-31857-0<\/p>\n\n\n\n\n<h6>Neckarsulm<\/h6>\n\n\n\n\n<p>Schulthei\u00df-Seeber-Str. 1.3, 74177 Bad Friedrichshall, Germany\n<a href=\"https:\/\/goo.gl\/maps\/JamkLDsF5qAgwNLy9\" rel=\"noopener\" target=\"_blank\" class=\"btn_type01\">Google Map<\/a>\nTEL\uff1a+49-89-31857-0<\/p>\n\n--><\/p>\n<\/div>\n\t\t<\/div><\/div><\/div><div id=\"pg-744-4\"  class=\"panel-grid panel-no-style\" ><div id=\"pgc-744-4-0\"  class=\"panel-grid-cell\" ><div id=\"panel-744-4-0-0\" class=\"so-panel widget widget_media_image panel-first-child panel-last-child\" data-index=\"9\" ><img loading=\"lazy\" decoding=\"async\" width=\"500\" height=\"600\" src=\"https:\/\/jp.arrk.com\/company\/en\/wp\/wp-content\/uploads\/2022\/05\/office_europe03.jpg\" class=\"image wp-image-231  attachment-full size-full\" alt=\"\" style=\"max-width: 100%; height: auto;\" srcset=\"https:\/\/jp.arrk.com\/company\/en\/wp\/wp-content\/uploads\/2022\/05\/office_europe03.jpg 500w, https:\/\/jp.arrk.com\/company\/en\/wp\/wp-content\/uploads\/2022\/05\/office_europe03-250x300.jpg 250w\" sizes=\"auto, (max-width: 500px) 100vw, 500px\" \/><\/div><\/div><div id=\"pgc-744-4-1\"  class=\"panel-grid-cell\" ><div id=\"panel-744-4-1-0\" class=\"so-panel widget widget_text panel-first-child panel-last-child\" data-index=\"10\" >\t\t\t<div class=\"textwidget\"><h3>ARRK R&#038;D S.R.L.<span style=\"margin-left:1em;\"><a href=\"https:\/\/engineering.arrk.com\" target=\"_blank\" class=\"officelink\">https:\/\/engineering.arrk.com<\/a><\/span><\/h3>\n<p>Address:Str. Fabricii de Chibrituri 13-21, etajele 6 \u015fi 7; 400254, Cluj-Napoca Romania<br \/>\n<a href=\"https:\/\/goo.gl\/maps\/9dDZ6dBrHujKHEDv7\" rel=\"noopener\" target=\"_blank\" class=\"btn_type01\">Google Map<\/a><br \/>\nTEL\uff1a40-364-413-600<\/p>\n<\/div>\n\t\t<\/div><\/div><\/div><div id=\"pg-744-5\"  class=\"panel-grid panel-no-style\" ><div id=\"pgc-744-5-0\"  class=\"panel-grid-cell\" ><div id=\"panel-744-5-0-0\" class=\"so-panel widget widget_media_image panel-first-child panel-last-child\" data-index=\"11\" ><img loading=\"lazy\" decoding=\"async\" width=\"500\" height=\"600\" src=\"https:\/\/jp.arrk.com\/company\/en\/wp\/wp-content\/uploads\/2022\/05\/office_europe04.jpg\" class=\"image wp-image-232  attachment-full size-full\" alt=\"\" style=\"max-width: 100%; height: auto;\" srcset=\"https:\/\/jp.arrk.com\/company\/en\/wp\/wp-content\/uploads\/2022\/05\/office_europe04.jpg 500w, https:\/\/jp.arrk.com\/company\/en\/wp\/wp-content\/uploads\/2022\/05\/office_europe04-250x300.jpg 250w\" sizes=\"auto, (max-width: 500px) 100vw, 500px\" \/><\/div><\/div><div id=\"pgc-744-5-1\"  class=\"panel-grid-cell\" ><div id=\"panel-744-5-1-0\" class=\"so-panel widget widget_text panel-first-child panel-last-child\" data-index=\"12\" >\t\t\t<div class=\"textwidget\"><h3>ARRK LCO Protomoule<span style=\"margin-left:1em;\"><a href=\"https:\/\/fr.arrk.com\" target=\"_blank\" class=\"officelink\">https:\/\/fr.arrk.com<\/a><\/span><\/h3>\n<p>Address:Z.I. des grands Vris \/ 194 All\u00e9e de Champs Gal\u00e8re, 74540 Alby-sur-Ch\u00e9ran, France<br \/>\n<a href=\"https:\/\/goo.gl\/maps\/HiL6YUQT3haeCFwt7\" rel=\"noopener\" target=\"_blank\" class=\"btn_type01\">Google Map<\/a><br \/>\nTEL\uff1a+33-4-50-68-12-39<\/p>\n<\/div>\n\t\t<\/div><\/div><\/div><div id=\"pg-744-6\"  class=\"panel-grid panel-no-style\" ><div id=\"pgc-744-6-0\"  class=\"panel-grid-cell\" ><div id=\"panel-744-6-0-0\" class=\"so-panel widget widget_media_image panel-first-child panel-last-child\" data-index=\"13\" ><img loading=\"lazy\" decoding=\"async\" width=\"500\" height=\"600\" src=\"https:\/\/jp.arrk.com\/company\/en\/wp\/wp-content\/uploads\/2022\/06\/office_europe05.jpg\" class=\"image wp-image-423  attachment-full size-full\" alt=\"\" style=\"max-width: 100%; height: auto;\" srcset=\"https:\/\/jp.arrk.com\/company\/en\/wp\/wp-content\/uploads\/2022\/06\/office_europe05.jpg 500w, https:\/\/jp.arrk.com\/company\/en\/wp\/wp-content\/uploads\/2022\/06\/office_europe05-250x300.jpg 250w\" sizes=\"auto, (max-width: 500px) 100vw, 500px\" \/><\/div><\/div><div id=\"pgc-744-6-1\"  class=\"panel-grid-cell\" ><div id=\"panel-744-6-1-0\" class=\"so-panel widget widget_text panel-first-child panel-last-child\" data-index=\"14\" >\t\t\t<div class=\"textwidget\"><h3>SPG Pre-Series Tooling &#038; Prototyping B.V.<span style=\"margin-left:1em;\"><a href=\"https:\/\/spg.arrk.com\" target=\"_blank\" class=\"officelink\">https:\/\/spg.arrk.com<\/a><\/span><\/h3>\n<p>Address:Titaniumstraat 3, 6031 TV, Nederweert, Netherlands<br \/>\n<a href=\"https:\/\/goo.gl\/maps\/3TCkWR4DnRhfoQzJ9\" rel=\"noopener\" target=\"_blank\" class=\"btn_type01\">Google Map<\/a><br \/>\nTEL\uff1a+31-495-459-220<\/p>\n<\/div>\n\t\t<\/div><\/div><\/div><div id=\"pg-744-7\"  class=\"panel-grid panel-no-style\" ><div id=\"pgc-744-7-0\"  class=\"panel-grid-cell\" ><div id=\"panel-744-7-0-0\" class=\"widget_text so-panel widget widget_custom_html panel-first-child panel-last-child\" data-index=\"15\" ><div class=\"textwidget custom-html-widget\"><style>\n.officelink {\n  text-decoration: underline;\n  color: #0057b8!important;\n  font-size:15px!important;\n  font-weight: normal!important;\n}\n  \np {\npadding-left: 1em!important;\nmargin-bottom:2em!important;\n}\nh6 {\npadding-left: 1em!important;\n}\n<\/style><\/div><\/div><\/div><\/div><\/div>","protected":false},"excerpt":{"rendered":"<p>Europe<\/p>\n","protected":false},"author":1,"featured_media":0,"parent":20,"menu_order":4,"comment_status":"closed","ping_status":"closed","template":"","meta":{"footnotes":""},"class_list":["post-744","page","type-page","status-publish","hentry"],"_links":{"self":[{"href":"https:\/\/jp.arrk.com\/company\/en\/wp-json\/wp\/v2\/pages\/744","targetHints":{"allow":["GET"]}}],"collection":[{"href":"https:\/\/jp.arrk.com\/company\/en\/wp-json\/wp\/v2\/pages"}],"about":[{"href":"https:\/\/jp.arrk.com\/company\/en\/wp-json\/wp\/v2\/types\/page"}],"author":[{"embeddable":true,"href":"https:\/\/jp.arrk.com\/company\/en\/wp-json\/wp\/v2\/users\/1"}],"replies":[{"embeddable":true,"href":"https:\/\/jp.arrk.com\/company\/en\/wp-json\/wp\/v2\/comments?post=744"}],"version-history":[{"count":10,"href":"https:\/\/jp.arrk.com\/company\/en\/wp-json\/wp\/v2\/pages\/744\/revisions"}],"predecessor-version":[{"id":871,"href":"https:\/\/jp.arrk.com\/company\/en\/wp-json\/wp\/v2\/pages\/744\/revisions\/871"}],"up":[{"embeddable":true,"href":"https:\/\/jp.arrk.com\/company\/en\/wp-json\/wp\/v2\/pages\/20"}],"wp:attachment":[{"href":"https:\/\/jp.arrk.com\/company\/en\/wp-json\/wp\/v2\/media?parent=744"}],"curies":[{"name":"wp","href":"https:\/\/api.w.org\/{rel}","templated":true}]}}